{"id":97,"date":"2010-10-12T18:52:30","date_gmt":"2010-10-12T18:52:30","guid":{"rendered":"http:\/\/jcsound.comli.com\/wordpress\/?page_id=97"},"modified":"2021-11-02T12:29:55","modified_gmt":"2021-11-02T12:29:55","slug":"le-domaine-des-assis","status":"publish","type":"page","link":"http:\/\/www.jcsound.fr\/wordpress\/les-salles\/le-domaine-des-assis\/","title":{"rendered":"Le Domaine des Assis"},"content":{"rendered":"<p>[vc_row full_width=\u00a0\u00bbstretch_row_content\u00a0\u00bb css=\u00a0\u00bb.vc_custom_1485197870743{margin-top: 40px !important;}\u00a0\u00bb][vc_column width=\u00a0\u00bb2\/3&Prime;]<h3 class=\"ozy-divider-cap-left wpb_content_element \"  style=\"color:#c09e6f\" >Bienvenue au Domaine des Assis<\/h3><div class=\"ozy-content-divider \" style=\"border-top-style:solid;border-top-width:2px;border-top-color:#c09e6f!important;width:40px;max-width:40px;left:0;\"><\/div>[vc_column_text css=\u00a0\u00bb.vc_custom_1635764681737{margin-top: 20px !important;}\u00a0\u00bb]<em>Mariage, s\u00e9minaire, f\u00eate de famille, cocktail,\u00a0<\/em>s\u00e9jour touristique<em>\u2026<\/em><\/p>\n<p>Vous cherchez un endroit pour r\u00e9unir vos amis, vos collaborateurs, ou votre famille ? Le\u00a0<strong>Domaine des Assis<\/strong>\u00a0vous accueille \u00e0 Astill\u00e9, \u00e0 10 mn de Laval, dans un\u00a0<strong>environnement exceptionnel sur 16 hectares,\u00a0<\/strong>situ\u00e9 en bordure de la voie verte (ancienne voie ferr\u00e9e Laval-Renaz\u00e9 r\u00e9am\u00e9nag\u00e9e), id\u00e9ale pour des randonn\u00e9es p\u00e9destres, cyclistes ou \u00e9questres.<\/p>\n<p>Les salles<\/p>\n<p>Le Domaine des Assis offre plusieurs solutions d\u2019am\u00e9nagements gr\u00e2ce \u00e0 ses salles modulables\u00a0:<\/p>\n<ul>\n<li><strong>Au rez-de-chauss\u00e9e\u00a0:\u00a0<\/strong>3 salles de 20 \u00e0 50 personnes pouvant ne former qu\u2019une salle de 100 personnes : 167 m\u00b2. Acc\u00e8s direct \u00e0 la terrasse.<\/li>\n<li><strong>\u00c0 l\u2019\u00e9tage :<\/strong>\u00a0une grande salle de 200 personnes avec sa magnifique charpente : 223 m\u00b2.<\/li>\n<li>Le b\u00e2timent est \u00e9quip\u00e9 de 2 cuisines professionnelles avec chambre froide et bar.<\/li>\n<\/ul>\n<p>Un ascenseur permet aux personnes \u00e0 mobilit\u00e9 r\u00e9duite d\u2019acc\u00e9der \u00e0 l\u2019\u00e9tage.[\/vc_column_text]<span  id=\"wofcb-36860\" class=\"ozy-custom_button_w\"><a id=\"ofcb-36860\" class=\"ozy-custom_button ocbtn-0\"  href=\"https:\/\/www.domainedesassis.com\/\"  target=\"\" >Site Internet : Le Domaine des Assis<\/a><\/span>[\/vc_column][vc_column width=\u00a0\u00bb1\/3&Prime;][vc_single_image image=\u00a0\u00bb4946&Prime; img_size=\u00a0\u00bbfull\u00a0\u00bb alignment=\u00a0\u00bbcenter\u00a0\u00bb][\/vc_column][\/vc_row][vc_row][vc_column][vc_custom_heading text=\u00a0\u00bbLe Domaine des Assis avec JCSound\u00a0\u00bb font_container=\u00a0\u00bbtag:h1|text_align:center|color:%23c09e6f\u00a0\u00bb google_fonts=\u00a0\u00bbfont_family:Lovers%20Quarrel%3Anormal|font_style:300%20light%3A300%3Anormal\u00a0\u00bb]\n<div id=\"ofd-54336\" class=\"ozy-floral-divider ornament_5 align-center \">\n<svg viewBox=\"0 0 255.12 23.4\"><use xlink:href=\"http:\/\/www.jcsound.fr\/wordpress\/wp-content\/plugins\/ozy-wedding-planner-essentials\/images\/ornament_divider5.svg#ornament_divider5\"><\/use><\/svg><\/div>[vc_empty_space][vc_gallery type=\u00a0\u00bbflexslider_slide\u00a0\u00bb interval=\u00a0\u00bb3&Prime; images=\u00a0\u00bb4419,4418,4415,4406,4405,4404,4402,4399,4350,4346,4345,4342,4341,4340,4339,4338,4160,4159,4156,4155,4154,4152,4151,4130,4129,4078,4077,4076,4007,4006,4001,4000,3998&Prime; img_size=\u00a0\u00bbfull\u00a0\u00bb][\/vc_column][\/vc_row]<\/p>\n","protected":false},"excerpt":{"rendered":"<p>[vc_row full_width=\u00a0\u00bbstretch_row_content\u00a0\u00bb css=\u00a0\u00bb.vc_custom_1485197870743{margin-top: 40px !important;}\u00a0\u00bb][vc_column width=\u00a0\u00bb2\/3&Prime;][vc_column_text css=\u00a0\u00bb.vc_custom_1635764681737{margin-top: 20px !important;}\u00a0\u00bb]Mariage, s\u00e9minaire, f\u00eate de famille, cocktail,\u00a0s\u00e9jour touristique\u2026 Vous cherchez un endroit pour r\u00e9unir vos amis, vos collaborateurs, ou votre famille ? Le\u00a0Domaine [&hellip;]<\/p>\n","protected":false},"author":1,"featured_media":0,"parent":4699,"menu_order":0,"comment_status":"open","ping_status":"closed","template":"","meta":[],"_links":{"self":[{"href":"http:\/\/www.jcsound.fr\/wordpress\/wp-json\/wp\/v2\/pages\/97"}],"collection":[{"href":"http:\/\/www.jcsound.fr\/wordpress\/wp-json\/wp\/v2\/pages"}],"about":[{"href":"http:\/\/www.jcsound.fr\/wordpress\/wp-json\/wp\/v2\/types\/page"}],"author":[{"embeddable":true,"href":"http:\/\/www.jcsound.fr\/wordpress\/wp-json\/wp\/v2\/users\/1"}],"replies":[{"embeddable":true,"href":"http:\/\/www.jcsound.fr\/wordpress\/wp-json\/wp\/v2\/comments?post=97"}],"version-history":[{"count":16,"href":"http:\/\/www.jcsound.fr\/wordpress\/wp-json\/wp\/v2\/pages\/97\/revisions"}],"predecessor-version":[{"id":5187,"href":"http:\/\/www.jcsound.fr\/wordpress\/wp-json\/wp\/v2\/pages\/97\/revisions\/5187"}],"up":[{"embeddable":true,"href":"http:\/\/www.jcsound.fr\/wordpress\/wp-json\/wp\/v2\/pages\/4699"}],"wp:attachment":[{"href":"http:\/\/www.jcsound.fr\/wordpress\/wp-json\/wp\/v2\/media?parent=97"}],"curies":[{"name":"wp","href":"https:\/\/api.w.org\/{rel}","templated":true}]}}