{"id":5197,"date":"2021-11-01T12:58:56","date_gmt":"2021-11-01T12:58:56","guid":{"rendered":"http:\/\/www.jcsound.fr\/wordpress\/?page_id=5197"},"modified":"2021-11-01T13:03:57","modified_gmt":"2021-11-01T13:03:57","slug":"hippodrome-de-craon","status":"publish","type":"page","link":"http:\/\/www.jcsound.fr\/wordpress\/les-salles\/hippodrome-de-craon\/","title":{"rendered":"Hippodrome de Craon"},"content":{"rendered":"<p>[vc_row full_width=\u00a0\u00bbstretch_row_content\u00a0\u00bb css=\u00a0\u00bb.vc_custom_1485197870743{margin-top: 40px !important;}\u00a0\u00bb][vc_column width=\u00a0\u00bb2\/3&Prime;]<h3 class=\"ozy-divider-cap-left wpb_content_element \"  style=\"color:#c09e6f\" >Bienvenue \u00e0 Hippodrome de Craon<\/h3><div class=\"ozy-content-divider \" style=\"border-top-style:solid;border-top-width:2px;border-top-color:#c09e6f!important;width:40px;max-width:40px;left:0;\"><\/div>[vc_column_text css=\u00a0\u00bb.vc_custom_1635771652085{margin-top: 20px !important;}\u00a0\u00bb]Pour que votre r\u00e9ception soit unique et qu\u2019elle devienne inoubliable, choisissez un lieu hors du commun. L\u2019infrastructure de l\u2019hippodrome offre un cadre splendide qui coupera le souffle de vos h\u00f4tes ! Un terrain de verdure clos. Sept salles sont \u00e0 votre disposition avec une capacit\u00e9 d\u2019accueil de 80 \u00e0 250 personnes.<\/p>\n<p>L&rsquo;hippodrome de Craon offre un site exceptionnel s&rsquo;\u00e9tendant sur plus de 65 hectares, il vous assurera la tranquillit\u00e9 et vous pourrez danser jusqu&rsquo;au bout de la nuit.<\/p>\n<p>Le Pavillon Jean-Louis Cousin\u00a0enti\u00e8rement reconstruit en 2012 permet d&rsquo;accueillir plus de 250 personnes en une seule salle.<br \/>\nCette salle sonoris\u00e9e et \u00e9quip\u00e9e de la WIFI dispose d&rsquo;un podium de 20m\u00b2 avec possibilit\u00e9 d&rsquo;avoir un \u00e9cran avec vid\u00e9o-projecteur.[\/vc_column_text]<span  id=\"wofcb-10830\" class=\"ozy-custom_button_w\"><a id=\"ofcb-10830\" class=\"ozy-custom_button ocbtn-0\"  href=\"https:\/\/www.courses-craon.com\/location-salles.php\"  target=\"\" >Site Internet : Hippodrome de Craon<\/a><\/span>[\/vc_column][vc_column width=\u00a0\u00bb1\/3&Prime;][vc_single_image image=\u00a0\u00bb5010&Prime; img_size=\u00a0\u00bbfull\u00a0\u00bb alignment=\u00a0\u00bbcenter\u00a0\u00bb][\/vc_column][\/vc_row][vc_row][vc_column][vc_custom_heading text=\u00a0\u00bbHippodrome de Craon avec JCSound\u00a0\u00bb font_container=\u00a0\u00bbtag:h1|text_align:center|color:%23c09e6f\u00a0\u00bb google_fonts=\u00a0\u00bbfont_family:Lovers%20Quarrel%3Anormal|font_style:300%20light%3A300%3Anormal\u00a0\u00bb]\n<div id=\"ofd-13077\" class=\"ozy-floral-divider ornament_5 align-center \">\n<svg viewBox=\"0 0 255.12 23.4\"><use xlink:href=\"http:\/\/www.jcsound.fr\/wordpress\/wp-content\/plugins\/ozy-wedding-planner-essentials\/images\/ornament_divider5.svg#ornament_divider5\"><\/use><\/svg><\/div>[vc_empty_space][vc_gallery interval=\u00a0\u00bb3&Prime; images=\u00a0\u00bb4214,4212,4210,4207,4205,4301,4297,4296,4295,4293,4202,4201,4199,4194,4196,4053,4050,4048,4047,4045,4043,4040,4039,4035,4031,4029&Prime; img_size=\u00a0\u00bbfull\u00a0\u00bb][\/vc_column][\/vc_row][vc_row][vc_column][\/vc_column][\/vc_row]<\/p>\n","protected":false},"excerpt":{"rendered":"<p>[vc_row full_width=\u00a0\u00bbstretch_row_content\u00a0\u00bb css=\u00a0\u00bb.vc_custom_1485197870743{margin-top: 40px !important;}\u00a0\u00bb][vc_column width=\u00a0\u00bb2\/3&Prime;][vc_column_text css=\u00a0\u00bb.vc_custom_1635771652085{margin-top: 20px !important;}\u00a0\u00bb]Pour que votre r\u00e9ception soit unique et qu\u2019elle devienne inoubliable, choisissez un lieu hors du commun. L\u2019infrastructure de l\u2019hippodrome offre un cadre [&hellip;]<\/p>\n","protected":false},"author":1,"featured_media":0,"parent":4699,"menu_order":0,"comment_status":"closed","ping_status":"closed","template":"","meta":[],"_links":{"self":[{"href":"http:\/\/www.jcsound.fr\/wordpress\/wp-json\/wp\/v2\/pages\/5197"}],"collection":[{"href":"http:\/\/www.jcsound.fr\/wordpress\/wp-json\/wp\/v2\/pages"}],"about":[{"href":"http:\/\/www.jcsound.fr\/wordpress\/wp-json\/wp\/v2\/types\/page"}],"author":[{"embeddable":true,"href":"http:\/\/www.jcsound.fr\/wordpress\/wp-json\/wp\/v2\/users\/1"}],"replies":[{"embeddable":true,"href":"http:\/\/www.jcsound.fr\/wordpress\/wp-json\/wp\/v2\/comments?post=5197"}],"version-history":[{"count":2,"href":"http:\/\/www.jcsound.fr\/wordpress\/wp-json\/wp\/v2\/pages\/5197\/revisions"}],"predecessor-version":[{"id":5199,"href":"http:\/\/www.jcsound.fr\/wordpress\/wp-json\/wp\/v2\/pages\/5197\/revisions\/5199"}],"up":[{"embeddable":true,"href":"http:\/\/www.jcsound.fr\/wordpress\/wp-json\/wp\/v2\/pages\/4699"}],"wp:attachment":[{"href":"http:\/\/www.jcsound.fr\/wordpress\/wp-json\/wp\/v2\/media?parent=5197"}],"curies":[{"name":"wp","href":"https:\/\/api.w.org\/{rel}","templated":true}]}}