{"id":4699,"date":"2017-02-02T11:53:33","date_gmt":"2017-02-02T11:53:33","guid":{"rendered":"http:\/\/wedding-planner.freevision.me\/?page_id=1327"},"modified":"2022-07-08T09:51:32","modified_gmt":"2022-07-08T09:51:32","slug":"les-salles","status":"publish","type":"page","link":"http:\/\/www.jcsound.fr\/wordpress\/les-salles\/","title":{"rendered":"Les Salles"},"content":{"rendered":"<p>[vc_row css=\u00a0\u00bb.vc_custom_1486036551499{margin-top: 0px !important;margin-bottom: 0px !important;padding-top: 60px !important;padding-bottom: 60px !important;}\u00a0\u00bb][vc_column][vc_custom_heading text=\u00a0\u00bbLes Salles en Mayenne\u00a0\u00bb font_container=\u00a0\u00bbtag:h2|text_align:center|color:%23000000&Prime; use_theme_fonts=\u00a0\u00bbyes\u00a0\u00bb][\/vc_column][\/vc_row][vc_row][vc_column width=\u00a0\u00bb1\/2&Prime;]<div class=\"ozy-call-to-action-box \" style=\"background-image:url(http:\/\/www.jcsound.fr\/wordpress\/wp-content\/uploads\/Chateau-du-Lattay.jpg);height:370px\"><div class=\"shadow-wrapper\"><\/div><div class=\"overlay-wrapper\"><h2>Le Ch\u00e2teau du Lattay - Andouill\u00e9<\/h2><span class=\"shared-border-color\"><\/span><a href=\"http:\/\/www.jcsound.fr\/wordpress\/salles-dexceptions\/le-chateau-du-lattay\/\" target=\"_self\" class=\"heading-font\">En Savoir plus \u2192<\/a><\/div><\/div>[vc_column_text css=\u00a0\u00bb.vc_custom_1635580629790{margin-top: 20px !important;}\u00a0\u00bb]Le Ch\u00e2teau du Lattay, un lieu unique, et authentique au c\u0153ur d\u2019une for\u00eat de 17 hectares saura vous faire r\u00eaver et s\u2019adaptera \u00e0 vos envies pour faire de ce jour, un jour inoubliable\u2026<\/p>\n<p>Situ\u00e9 sur la commune d\u2019Andouill\u00e9 \u00e0 12 km au nord de Laval, vous serez s\u00e9duit par le charme de ses anciennes conciergeries enti\u00e8rement restaur\u00e9es avec une vue imprenable sur le ch\u00e2teau Du Lattay.[\/vc_column_text][\/vc_column][vc_column width=\u00a0\u00bb1\/2&Prime;]<div class=\"ozy-call-to-action-box \" style=\"background-image:url(http:\/\/www.jcsound.fr\/wordpress\/wp-content\/uploads\/Domaine-des-Assis.jpg);height:370px\"><div class=\"shadow-wrapper\"><\/div><div class=\"overlay-wrapper\"><h2>Le Domaine des Assis - Astill\u00e9<\/h2><span class=\"shared-border-color\"><\/span><a href=\"http:\/\/www.jcsound.fr\/wordpress\/salles-dexceptions\/le-domaine-des-assis\/\" target=\"_self\" class=\"heading-font\">En savoir plus \u2192<\/a><\/div><\/div>[vc_column_text css=\u00a0\u00bb.vc_custom_1635581202700{margin-top: 20px !important;}\u00a0\u00bb]<em>Mariage, s\u00e9minaire, f\u00eate de famille, cocktail, <\/em>s\u00e9jour touristique<em>\u2026<\/em><\/p>\n<p>Vous cherchez un endroit pour r\u00e9unir vos amis, vos collaborateurs, ou votre famille ? Le <strong>Domaine des Assis<\/strong> vous accueille \u00e0 Astill\u00e9, \u00e0 10 mn de Laval, dans un <strong>environnement exceptionnel sur 16 hectares,\u00a0<\/strong>situ\u00e9 en bordure de la voie verte (ancienne voie ferr\u00e9e Laval-Renaz\u00e9 r\u00e9am\u00e9nag\u00e9e), id\u00e9ale pour des randonn\u00e9es p\u00e9destres, cyclistes ou \u00e9questres.[\/vc_column_text][\/vc_column][\/vc_row][vc_row][vc_column width=\u00a0\u00bb1\/2&Prime;]<div class=\"ozy-call-to-action-box \" style=\"background-image:url(http:\/\/www.jcsound.fr\/wordpress\/wp-content\/uploads\/Le-Chateau-de-Craon-scaled.jpg);height:370px\"><div class=\"shadow-wrapper\"><\/div><div class=\"overlay-wrapper\"><h2>Le Ch\u00e2teau de Craon - Craon<\/h2><span class=\"shared-border-color\"><\/span><a href=\"http:\/\/www.jcsound.fr\/wordpress\/salles-dexceptions\/le-chateau-de-craon\/\" target=\"_self\" class=\"heading-font\">En savoir plus \u2192<\/a><\/div><\/div>[vc_column_text css=\u00a0\u00bb.vc_custom_1635581750948{margin-top: 20px !important;}\u00a0\u00bb]Egalement connu comme le petit Versailles de Mayenne, le ch\u00e2teau de Craon est un superbe site qui fera votre bonheur \u00e0 l&rsquo;occasion de votre union. Son jardin \u00e0 la fran\u00e7aise et ses anciennes \u00e9curies, r\u00e9nov\u00e9es dans l&rsquo;esprit d&rsquo;antan, accorderont un charme incontestable \u00e0 votre c\u00e9l\u00e9bration.[\/vc_column_text][\/vc_column][vc_column width=\u00a0\u00bb1\/2&Prime;]<div class=\"ozy-call-to-action-box \" style=\"background-image:url(http:\/\/www.jcsound.fr\/wordpress\/wp-content\/uploads\/Le-de-a-7-faces.jpg);height:370px\"><div class=\"shadow-wrapper\"><\/div><div class=\"overlay-wrapper\"><h2>Le D\u00e9 \u00e0 7 Faces - Parn\u00e9 sur Roc<\/h2><span class=\"shared-border-color\"><\/span><a href=\"http:\/\/www.jcsound.fr\/wordpress\/salles-dexceptions\/le-de-a-7-faces\/\" target=\"_self\" class=\"heading-font\">En savoir plus \u2192<\/a><\/div><\/div>[vc_column_text css=\u00a0\u00bb.vc_custom_1635582107549{margin-top: 20px !important;}\u00a0\u00bb]Am\u00e9nag\u00e9e dans une ancienne long\u00e8re, la salle de r\u00e9ception a conserv\u00e9 le charme des poutres et des murs en pierres apparentes.<\/p>\n<p>D\u2019une superficie de 240m\u00b2, la salle permet d&rsquo;accueillir jusqu&rsquo;\u00e0 200 places assises. Nous vous proposons un espace restauration carrel\u00e9 de 160m\u00b2, prolong\u00e9 d&rsquo;une piste de danse parquet\u00e9e de 80m\u00b2.[\/vc_column_text][\/vc_column][\/vc_row][vc_row][vc_column width=\u00a0\u00bb1\/2&Prime;]<div class=\"ozy-call-to-action-box \" style=\"background-image:url(http:\/\/www.jcsound.fr\/wordpress\/wp-content\/uploads\/Le-petit-bignon-2.jpg);height:370px\"><div class=\"shadow-wrapper\"><\/div><div class=\"overlay-wrapper\"><h2>Le Petit Bignon - Ahuill\u00e9<\/h2><span class=\"shared-border-color\"><\/span><a href=\"http:\/\/www.jcsound.fr\/wordpress\/salles-dexceptions\/le-petit-bignon\/\" target=\"_self\" class=\"heading-font\">En savoir plus \u2192<\/a><\/div><\/div>[vc_column_text css=\u00a0\u00bb.vc_custom_1635677203678{margin-top: 20px !important;}\u00a0\u00bb]Le Petit Bignon est fait pour vous. Situ\u00e9 dans un parc paysag\u00e9 de 2,3 hectares, vous aurez l&rsquo;espace et le cadre pour combler vos invit\u00e9s. Ils se rappelleront longtemps de ce magnifique domaine en pleine campagne et leurs enfants aimeront se rem\u00e9morer leur jeux \u00e0 proximit\u00e9 des 2 \u00e9tangs clos (et leurs habitants palm\u00e9s), de la structure de jeux en ext\u00e9rieur, et des 2 espaces r\u00e9serv\u00e9s pour eux \u00e0 l\u2019int\u00e9rieur ![\/vc_column_text][\/vc_column][vc_column width=\u00a0\u00bb1\/2&Prime;]<div class=\"ozy-call-to-action-box \" style=\"background-image:url(http:\/\/www.jcsound.fr\/wordpress\/wp-content\/uploads\/La-Marjolaine.jpg);height:370px\"><div class=\"shadow-wrapper\"><\/div><div class=\"overlay-wrapper\"><h2>La Marjolaine - Moulay<\/h2><span class=\"shared-border-color\"><\/span><a href=\"http:\/\/www.jcsound.fr\/wordpress\/salles-dexceptions\/la-marjolaine\/\" target=\"_self\" class=\"heading-font\">En savoir plus \u2192<\/a><\/div><\/div>[vc_column_text css=\u00a0\u00bb.vc_custom_1635677378368{margin-top: 20px !important;}\u00a0\u00bb]L&rsquo;organisation du plus beau jour de votre vie m\u00e9rite un lieu d&rsquo;exception. A 20 minutes de Laval, le cadre prestigieux de notre b\u00e2tisse de caract\u00e8re, ses installations et prestations offrent cet environnement id\u00e9al.<\/p>\n<p>A votre disposition, une grande<strong>\u00a0salle de r\u00e9ception<\/strong> de 260 m\u00b2 et des salles de plus petite capacit\u00e9 ; <strong>35 chambres et 6 suites<\/strong> ; un <strong>parc de 2ha<\/strong> en surplomb de la Mayenne offrant avec sa <strong>terrasse<\/strong> le cadre parfait d&rsquo;un cocktail inoubliable.<\/p>\n<p>Des structures d\u00e9montables install\u00e9es dans le parc peuvent venir compl\u00e9ter la capacit\u00e9.[\/vc_column_text][\/vc_column][\/vc_row][vc_row][vc_column width=\u00a0\u00bb1\/2&Prime;]<div class=\"ozy-call-to-action-box \" style=\"background-image:url(http:\/\/www.jcsound.fr\/wordpress\/wp-content\/uploads\/310fb83a6f4c.jpg);height:370px\"><div class=\"shadow-wrapper\"><\/div><div class=\"overlay-wrapper\"><h2>Hippodrome de Craon - Craon<\/h2><span class=\"shared-border-color\"><\/span><a href=\"http:\/\/www.jcsound.fr\/wordpress\/les-salles\/hippodrome-de-craon\/\" target=\"_self\" class=\"heading-font\">En savoir plus \u2192<\/a><\/div><\/div>[vc_column_text css=\u00a0\u00bb.vc_custom_1635677515593{margin-top: 20px !important;}\u00a0\u00bb]Pour votre union, le plus beau jour de votre vie, choisissez de recevoir vos invit\u00e9s dans le cadre splendide et distingu\u00e9 de l&rsquo;hippodrome de Craon. Au c\u0153ur d&rsquo;une magnifique for\u00eat verdoyante, dans le luxe d&rsquo;une b\u00e2tisse magnifique r\u00e9nov\u00e9e enti\u00e8rement en 2005, vous et vos invit\u00e9s vous sentirez comme seuls au monde pour profiter de cette journ\u00e9e et de cet \u00e9v\u00e9nement unique.[\/vc_column_text][\/vc_column][vc_column width=\u00a0\u00bb1\/2&Prime;]<div class=\"ozy-call-to-action-box \" style=\"background-image:url(http:\/\/www.jcsound.fr\/wordpress\/wp-content\/uploads\/cropped-Vilami-reception-gite-traiteur.jpg);height:370px\"><div class=\"shadow-wrapper\"><\/div><div class=\"overlay-wrapper\"><h2>Le Petit Vilami - Coss\u00e9 le Vivien<\/h2><span class=\"shared-border-color\"><\/span><a href=\"http:\/\/www.jcsound.fr\/wordpress\/les-salles\/le-petit-vilami\/\" target=\"_self\" class=\"heading-font\">En savoir plus \u2192<\/a><\/div><\/div>[vc_column_text css=\u00a0\u00bb.vc_custom_1635677926648{margin-top: 20px !important;}\u00a0\u00bb]<\/p>\n<p class=\"intro\">D\u00c9COUVREZ LE SITE DU PETIT VILAMI, SITU\u00c9 \u00c0 15 MIN DE LAVAL, LE CADRE ID\u00c9AL POUR VOS R\u00c9CEPTIONS, MARIAGES ET S\u00c9MINAIRES.<\/p>\n<p>Au sein d\u2019une salle de 230 m\u00b2 pouvant accueillir 200 couverts et d\u2019un espace vert, assortis d\u2019un h\u00e9bergement de 24 couchages, nos \u00e9quipes mettent tout en oeuvre pour vous faire passer un moment inoubliable.[\/vc_column_text][\/vc_column][\/vc_row][vc_row css=\u00a0\u00bb.vc_custom_1486036551499{margin-top: 0px !important;margin-bottom: 0px !important;padding-top: 60px !important;padding-bottom: 60px !important;}\u00a0\u00bb][vc_column][vc_custom_heading text=\u00a0\u00bbLes Salles dans l&rsquo;Orne\u00a0\u00bb font_container=\u00a0\u00bbtag:h2|text_align:center|color:%23000000&Prime; use_theme_fonts=\u00a0\u00bbyes\u00a0\u00bb][\/vc_column][\/vc_row][vc_row][vc_column width=\u00a0\u00bb1\/2&Prime;]<div class=\"ozy-call-to-action-box \" style=\"background-image:url(http:\/\/www.jcsound.fr\/wordpress\/wp-content\/uploads\/Laumondiere.jpg);height:370px\"><div class=\"shadow-wrapper\"><\/div><div class=\"overlay-wrapper\"><h2>Domaine de Laumondi\u00e8re - Bagnoles de l'Orne<\/h2><span class=\"shared-border-color\"><\/span><a href=\"https:\/\/www.domainedelaumondiere.fr\/\" target=\"_self\" class=\"heading-font\">En savoir plus \u2192<\/a><\/div><\/div>[vc_column_text css=\u00a0\u00bb.vc_custom_1635696257086{margin-top: 20px !important;}\u00a0\u00bb]Situ\u00e9e en Normandie, \u00e0 seulement 2h30 de Paris et r\u00e9put\u00e9e pour ses eaux thermales et ses activit\u00e9s bucoliques, Bagnoles de l&rsquo;orne est un v\u00e9ritable havre de paix &#8230;<br \/>\nLe domaine de Laumondi\u00e8re se dissimule \u00e0 la sortie de la ville, prot\u00e9g\u00e9 par un \u00e9pais rideau d&rsquo;arbres centenaires.<br \/>\nPrenez alors possession de ce petit village au calme et \u00e0 la s\u00e9r\u00e9nit\u00e9 qui rendront votre r\u00e9ception.[\/vc_column_text][\/vc_column][vc_column width=\u00a0\u00bb1\/2&Prime;]<div class=\"ozy-call-to-action-box \" style=\"background-image:url(http:\/\/www.jcsound.fr\/wordpress\/wp-content\/uploads\/hameau-de-la-fouquiere.jpg);height:370px\"><div class=\"shadow-wrapper\"><\/div><div class=\"overlay-wrapper\"><h2>Le Hameau de la Fouqui\u00e8re - Jou\u00e9 du Bois<\/h2><span class=\"shared-border-color\"><\/span><a href=\"http:\/\/www.jcsound.fr\/wordpress\/salles-dexceptions\/le-hameau-de-la-fouquiere\/\" target=\"_self\" class=\"heading-font\">En savoir plus \u2192<\/a><\/div><\/div>[vc_column_text css=\u00a0\u00bb.vc_custom_1635696009425{margin-top: 20px !important;}\u00a0\u00bb]LE HAMEAU\u00a0DE LA FOUQUIERE\u00a0est un lieu typique du bocage ornais situ\u00e9 au c\u0153ur de la Normandie.\u00a0Ses fa\u00e7ades, ses ouvertures, son gadage, ses chemin\u00e9es et fours \u00e0 pain sont un bel exemple du patrimoine rural bas-normand, qui depuis le XIVe si\u00e8cle a vu se succ\u00e9der des g\u00e9n\u00e9rations, qui l&rsquo;ont adapt\u00e9 \u00e0 leur besoin au fil du temps.<\/p>\n<p>Autour d&rsquo;une\u00a0salle de r\u00e9ception climatis\u00e9e,\u00a0de 160 m<sup>2<\/sup> d\u00e9cor\u00e9e avec go\u00fbt, lumineuse et confortable pouvant accueillir jusqu&rsquo;\u00e0 150 personnes, 6 g\u00eetes\u00a0sont r\u00e9partis en village et peuvent re\u00e7evoir jusqu&rsquo;\u00e0 70 personnes. Depuis mai\u00a02020 nous vous accueillons dans 2 nouveaux g\u00eetes portant la capacit\u00e9 \u00e0 83 couchages sur place.[\/vc_column_text][\/vc_column][\/vc_row][vc_row full_width=\u00a0\u00bbstretch_row_content\u00a0\u00bb content_placement=\u00a0\u00bbmiddle\u00a0\u00bb css=\u00a0\u00bb.vc_custom_1486038542834{padding-right: 20% !important;padding-left: 20% !important;}\u00a0\u00bb][vc_column width=\u00a0\u00bb1\/3&Prime; offset=\u00a0\u00bbvc_hidden-sm vc_hidden-xs\u00a0\u00bb][vc_custom_heading text=\u00a0\u00bbTrouvez la salle\u00a0\u00bb font_container=\u00a0\u00bbtag:h1|font_size:80|text_align:left|color:%23c09e6f\u00a0\u00bb google_fonts=\u00a0\u00bbfont_family:Lovers%20Quarrel%3Anormal|font_style:300%20light%3A300%3Anormal\u00a0\u00bb css=\u00a0\u00bb.vc_custom_1635581407880{padding-bottom: -50px !important;}\u00a0\u00bb][vc_custom_heading text=\u00a0\u00bbPour votre soir\u00e9e\u00a0\u00bb font_container=\u00a0\u00bbtag:h1|text_align:left|color:%23000000&Prime; use_theme_fonts=\u00a0\u00bbyes\u00a0\u00bb css=\u00a0\u00bb.vc_custom_1635581422161{margin-top: -50px !important;}\u00a0\u00bb][vc_custom_heading text=\u00a0\u00bbNaviguez sur la carte \u00e0 c\u00f4t\u00e9 pour d\u00e9couvrir les diff\u00e9rentes salles.\u00a0\u00bb font_container=\u00a0\u00bbtag:h5|text_align:left|color:%23000000&Prime; use_theme_fonts=\u00a0\u00bbyes\u00a0\u00bb][\/vc_column][vc_column width=\u00a0\u00bb2\/3&Prime; css=\u00a0\u00bb.vc_custom_1582303961797{margin-bottom: 0px !important;padding-bottom: 0px !important;}\u00a0\u00bb offset=\u00a0\u00bbvc_hidden-sm vc_hidden-xs\u00a0\u00bb][vc_column_text][wpgmza id=\u00a0\u00bb1&Prime;][\/vc_column_text][\/vc_column][\/vc_row][vc_row][vc_column][\/vc_column][\/vc_row][vc_row][vc_column][vc_column_text]<\/p>\n<div id=\"sconnect-is-installed\" style=\"display: none;\">2.11.0.0<\/div>\n<p>[\/vc_column_text][\/vc_column][\/vc_row][vc_row][vc_column][vc_column_text]<\/p>\n<div id=\"sconnect-is-installed\" style=\"display: none;\">2.11.0.0<\/div>\n<div id=\"sconnect-is-installed\" style=\"display: none;\">2.11.0.0<\/div>\n<p>[\/vc_column_text][\/vc_column][\/vc_row]<\/p>\n","protected":false},"excerpt":{"rendered":"<p>[vc_row css=\u00a0\u00bb.vc_custom_1486036551499{margin-top: 0px !important;margin-bottom: 0px !important;padding-top: 60px !important;padding-bottom: 60px !important;}\u00a0\u00bb][vc_column][vc_custom_heading text=\u00a0\u00bbLes Salles en Mayenne\u00a0\u00bb font_container=\u00a0\u00bbtag:h2|text_align:center|color:%23000000&Prime; use_theme_fonts=\u00a0\u00bbyes\u00a0\u00bb][\/vc_column][\/vc_row][vc_row][vc_column width=\u00a0\u00bb1\/2&Prime;][vc_column_text css=\u00a0\u00bb.vc_custom_1635580629790{margin-top: 20px !important;}\u00a0\u00bb]Le Ch\u00e2teau du Lattay, un lieu unique, et authentique au c\u0153ur [&hellip;]<\/p>\n","protected":false},"author":1,"featured_media":0,"parent":0,"menu_order":0,"comment_status":"closed","ping_status":"closed","template":"","meta":[],"_links":{"self":[{"href":"http:\/\/www.jcsound.fr\/wordpress\/wp-json\/wp\/v2\/pages\/4699"}],"collection":[{"href":"http:\/\/www.jcsound.fr\/wordpress\/wp-json\/wp\/v2\/pages"}],"about":[{"href":"http:\/\/www.jcsound.fr\/wordpress\/wp-json\/wp\/v2\/types\/page"}],"author":[{"embeddable":true,"href":"http:\/\/www.jcsound.fr\/wordpress\/wp-json\/wp\/v2\/users\/1"}],"replies":[{"embeddable":true,"href":"http:\/\/www.jcsound.fr\/wordpress\/wp-json\/wp\/v2\/comments?post=4699"}],"version-history":[{"count":25,"href":"http:\/\/www.jcsound.fr\/wordpress\/wp-json\/wp\/v2\/pages\/4699\/revisions"}],"predecessor-version":[{"id":5653,"href":"http:\/\/www.jcsound.fr\/wordpress\/wp-json\/wp\/v2\/pages\/4699\/revisions\/5653"}],"wp:attachment":[{"href":"http:\/\/www.jcsound.fr\/wordpress\/wp-json\/wp\/v2\/media?parent=4699"}],"curies":[{"name":"wp","href":"https:\/\/api.w.org\/{rel}","templated":true}]}}