{"id":302,"date":"2017-01-20T20:34:57","date_gmt":"2017-01-20T20:34:57","guid":{"rendered":"http:\/\/wedding-planner.freevision.me\/?page_id=302"},"modified":"2022-07-08T09:58:53","modified_gmt":"2022-07-08T09:58:53","slug":"videos-2","status":"publish","type":"page","link":"http:\/\/www.jcsound.fr\/wordpress\/videos-2\/","title":{"rendered":"VIDEOS"},"content":{"rendered":"<p>[vc_row full_width=\u00a0\u00bbstretch_row\u00a0\u00bb css=\u00a0\u00bb.vc_custom_1657274332767{margin-top: 0px !important;margin-bottom: 0px !important;padding-top: 200px !important;padding-bottom: 120px !important;background-image: url(http:\/\/www.jcsound.fr\/wordpress\/wp-content\/uploads\/video-scaled.jpg?id=5654) !important;background-position: center !important;background-repeat: no-repeat !important;background-size: contain !important;}\u00a0\u00bb][vc_column][vc_custom_heading text=\u00a0\u00bbVid\u00e9os des soir\u00e9es\u00a0\u00bb font_container=\u00a0\u00bbtag:h1|text_align:center|color:%23ffffff\u00a0\u00bb use_theme_fonts=\u00a0\u00bbyes\u00a0\u00bb][\/vc_column][\/vc_row][vc_row css=\u00a0\u00bb.vc_custom_1485097546750{margin-top: 0px !important;margin-bottom: 0px !important;padding-top: 100px !important;padding-bottom: 60px !important;}\u00a0\u00bb][vc_column][vc_column_text css=\u00a0\u00bb.vc_custom_1635601307056{margin-bottom: 0px !important;padding-bottom: 30px !important;}\u00a0\u00bb]<\/p>\n<h1 style=\"text-align: center;\">JCSound Pr\u00e9sentation<\/h1>\n<p>[\/vc_column_text][vc_video link=\u00a0\u00bbhttps:\/\/www.youtube.com\/watch?v=NjD0iIV5ags\u00a0\u00bb align=\u00a0\u00bbcenter\u00a0\u00bb css=\u00a0\u00bb.vc_custom_1635601974357{background-image: url(http:\/\/www.jcsound.fr\/wordpress\/wp-content\/uploads\/logojc2-630&#215;2001.png?id=2784) !important;background-position: center !important;background-repeat: no-repeat !important;background-size: contain !important;}\u00a0\u00bb][\/vc_column][\/vc_row][vc_row][vc_column width=\u00a0\u00bb1\/2&Prime;][vc_column_text css=\u00a0\u00bb.vc_custom_1635541929587{margin-bottom: 0px !important;padding-bottom: 0px !important;}\u00a0\u00bb]<strong>Soir\u00e9e Ann\u00e9e 80 &#8211; Chemaz\u00e9<\/strong>[\/vc_column_text][vc_video link=\u00a0\u00bbhttps:\/\/www.youtube.com\/watch?v=9-PEBQ7YcPU\u00a0\u00bb align=\u00a0\u00bbcenter\u00a0\u00bb][\/vc_column][vc_column width=\u00a0\u00bb1\/2&Prime;][vc_column_text css=\u00a0\u00bb.vc_custom_1635601273418{margin-bottom: 0px !important;padding-bottom: 0px !important;}\u00a0\u00bb]<strong>Soir\u00e9e du Foot \u00a0&#8211; La Chapelle\u00a0d&rsquo;Andaine &#8211; 2017<\/strong>[\/vc_column_text][vc_video link=\u00a0\u00bbhttps:\/\/youtu.be\/mtlQJZyM9Ow\u00a0\u00bb align=\u00a0\u00bbcenter\u00a0\u00bb][\/vc_column][\/vc_row][vc_row][vc_column width=\u00a0\u00bb1\/2&Prime;][vc_column_text css=\u00a0\u00bb.vc_custom_1635601848720{margin-bottom: 0px !important;padding-bottom: 0px !important;}\u00a0\u00bb]<strong>Soir\u00e9e P\u00e9rigourdine &#8211; 2016<\/strong>[\/vc_column_text][vc_video link=\u00a0\u00bbhttps:\/\/youtu.be\/q5ZJa9lWun4&Prime; align=\u00a0\u00bbcenter\u00a0\u00bb][\/vc_column][vc_column width=\u00a0\u00bb1\/2&Prime;][vc_column_text css=\u00a0\u00bb.vc_custom_1635541570922{margin-bottom: 0px !important;padding-bottom: 0px !important;}\u00a0\u00bb]<strong>Hymne de M\u00e9ral Coss\u00e9 &#8211; 2018<\/strong>[\/vc_column_text][vc_video link=\u00a0\u00bbhttps:\/\/www.youtube.com\/watch?v=zOwZXXhdfB8&Prime; align=\u00a0\u00bbcenter\u00a0\u00bb][\/vc_column][\/vc_row][vc_row][vc_column][vc_column_text]<\/p>\n<div id=\"sconnect-is-installed\" style=\"display: none;\">2.11.0.0<\/div>\n<p>[\/vc_column_text][\/vc_column][\/vc_row]<\/p>\n","protected":false},"excerpt":{"rendered":"<p>[vc_row full_width=\u00a0\u00bbstretch_row\u00a0\u00bb css=\u00a0\u00bb.vc_custom_1657274332767{margin-top: 0px !important;margin-bottom: 0px !important;padding-top: 200px !important;padding-bottom: 120px !important;background-image: url(http:\/\/www.jcsound.fr\/wordpress\/wp-content\/uploads\/video-scaled.jpg?id=5654) !important;background-position: center !important;background-repeat: no-repeat !important;background-size: contain !important;}\u00a0\u00bb][vc_column][vc_custom_heading text=\u00a0\u00bbVid\u00e9os des soir\u00e9es\u00a0\u00bb font_container=\u00a0\u00bbtag:h1|text_align:center|color:%23ffffff\u00a0\u00bb use_theme_fonts=\u00a0\u00bbyes\u00a0\u00bb][\/vc_column][\/vc_row][vc_row css=\u00a0\u00bb.vc_custom_1485097546750{margin-top: 0px !important;margin-bottom: 0px !important;padding-top: 100px [&hellip;]<\/p>\n","protected":false},"author":1,"featured_media":0,"parent":0,"menu_order":0,"comment_status":"closed","ping_status":"closed","template":"","meta":[],"_links":{"self":[{"href":"http:\/\/www.jcsound.fr\/wordpress\/wp-json\/wp\/v2\/pages\/302"}],"collection":[{"href":"http:\/\/www.jcsound.fr\/wordpress\/wp-json\/wp\/v2\/pages"}],"about":[{"href":"http:\/\/www.jcsound.fr\/wordpress\/wp-json\/wp\/v2\/types\/page"}],"author":[{"embeddable":true,"href":"http:\/\/www.jcsound.fr\/wordpress\/wp-json\/wp\/v2\/users\/1"}],"replies":[{"embeddable":true,"href":"http:\/\/www.jcsound.fr\/wordpress\/wp-json\/wp\/v2\/comments?post=302"}],"version-history":[{"count":6,"href":"http:\/\/www.jcsound.fr\/wordpress\/wp-json\/wp\/v2\/pages\/302\/revisions"}],"predecessor-version":[{"id":5655,"href":"http:\/\/www.jcsound.fr\/wordpress\/wp-json\/wp\/v2\/pages\/302\/revisions\/5655"}],"wp:attachment":[{"href":"http:\/\/www.jcsound.fr\/wordpress\/wp-json\/wp\/v2\/media?parent=302"}],"curies":[{"name":"wp","href":"https:\/\/api.w.org\/{rel}","templated":true}]}}