{"id":2454,"date":"2015-07-27T11:33:22","date_gmt":"2015-07-27T11:33:22","guid":{"rendered":"http:\/\/www.jcsound.fr\/wordpress\/?page_id=2454"},"modified":"2025-06-18T08:45:44","modified_gmt":"2025-06-18T08:45:44","slug":"le-chateau-du-lattay","status":"publish","type":"page","link":"http:\/\/www.jcsound.fr\/wordpress\/les-salles\/le-chateau-du-lattay\/","title":{"rendered":"Le Ch\u00e2teau du Lattay"},"content":{"rendered":"<p>[vc_row full_width=\u00a0\u00bbstretch_row_content\u00a0\u00bb css=\u00a0\u00bb.vc_custom_1485197870743{margin-top: 40px !important;}\u00a0\u00bb][vc_column width=\u00a0\u00bb2\/3&Prime;]<h3 class=\"ozy-divider-cap-left wpb_content_element \"  style=\"color:#c09e6f\" >Bienvenue au Ch\u00e2teau du Lattay<\/h3><div class=\"ozy-content-divider \" style=\"border-top-style:solid;border-top-width:2px;border-top-color:#c09e6f!important;width:40px;max-width:40px;left:0;\"><\/div>[vc_column_text css=\u00a0\u00bb.vc_custom_1635760668621{margin-top: 20px !important;}\u00a0\u00bb]Vous recherchez un lieu de caract\u00e8re <strong>pour vos \u00e9v\u00e8nements familiaux\u00a0<\/strong>; mariages, anniversaires, f\u00eates de famille, bapt\u00eames, communions, cocktails ou pour<strong>\u00a0vos r\u00e9unions professionnelles<\/strong>\u00a0; s\u00e9minaires, formations, soir\u00e9e de comit\u00e9 d\u2019entreprise\u00a0?<\/p>\n<p>Le\u00a0Ch\u00e2teau du Lattay, un lieu unique, et authentique au c\u0153ur d\u2019une for\u00eat de 17 hectares saura vous faire r\u00eaver et s\u2019adaptera \u00e0 vos envies pour faire de ce jour, un jour inoubliable\u2026<\/p>\n<p>Situ\u00e9 sur la commune d\u2019Andouill\u00e9 \u00e0 12 km au nord de Laval, vous serez s\u00e9duit par le charme de ses anciennes conciergeries enti\u00e8rement restaur\u00e9es avec une vue imprenable sur le ch\u00e2teau Du Lattay.<\/p>\n<p>Vous d\u00e9couvrirez une salle de restauration, une salle de danse avec son bar, (les deux salles communiquent) ainsi qu\u2019une salle avec terrasses attenantes pour vos cocktails. Notre capacit\u00e9 d\u2019accueil nous autorise \u00e0 recevoir\u00a0jusqu\u2019\u00e0 200 personnes. Cuisines \u00e9quip\u00e9es ainsi que cinquante couchages, vous profiterez \u00e9galement d\u2019un parc arbor\u00e9, d\u2019une air de jeux pour les enfants, et piscine*.<\/p>\n<p>Venez d\u00e9couvrir ce site, n\u2019h\u00e9sitez pas \u00e0 nous contacter.<\/p>\n<p>Au plaisir de vous rencontrer,<\/p>\n<p>Mr et Mme Ren\u00e9[\/vc_column_text]<span  id=\"wofcb-19721\" class=\"ozy-custom_button_w\"><a id=\"ofcb-19721\" class=\"ozy-custom_button ocbtn-0\"  href=\"https:\/\/www.lechateaudulattay.fr\/\"  target=\"\" >Site Internet : Le Ch\u00e2teau du Lattay<\/a><\/span>[\/vc_column][vc_column width=\u00a0\u00bb1\/3&Prime;][vc_single_image image=\u00a0\u00bb4944&Prime; img_size=\u00a0\u00bbfull\u00a0\u00bb alignment=\u00a0\u00bbcenter\u00a0\u00bb][\/vc_column][\/vc_row][vc_row][vc_column][vc_custom_heading text=\u00a0\u00bbLe Ch\u00e2teau du Lattay avec JCSound\u00a0\u00bb font_container=\u00a0\u00bbtag:h1|text_align:center|color:%23c09e6f\u00a0\u00bb google_fonts=\u00a0\u00bbfont_family:Lovers%20Quarrel%3Anormal|font_style:300%20light%3A300%3Anormal\u00a0\u00bb]\n<div id=\"ofd-23915\" class=\"ozy-floral-divider ornament_5 align-center \">\n<svg viewBox=\"0 0 255.12 23.4\"><use xlink:href=\"http:\/\/www.jcsound.fr\/wordpress\/wp-content\/plugins\/ozy-wedding-planner-essentials\/images\/ornament_divider5.svg#ornament_divider5\"><\/use><\/svg><\/div>[vc_empty_space][vc_gallery interval=\u00a0\u00bb3&Prime; images=\u00a0\u00bb5878,5875,5863,5850,5763,5758&Prime; img_size=\u00a0\u00bbfull\u00a0\u00bb][\/vc_column][\/vc_row][vc_row][vc_column][\/vc_column][\/vc_row][vc_row][vc_column][vc_column_text]<\/p>\n<div id=\"sconnect-is-installed\" style=\"display: none;\">2.11.0.0<\/div>\n<p>[\/vc_column_text][\/vc_column][\/vc_row]<\/p>\n","protected":false},"excerpt":{"rendered":"<p>[vc_row full_width=\u00a0\u00bbstretch_row_content\u00a0\u00bb css=\u00a0\u00bb.vc_custom_1485197870743{margin-top: 40px !important;}\u00a0\u00bb][vc_column width=\u00a0\u00bb2\/3&Prime;][vc_column_text css=\u00a0\u00bb.vc_custom_1635760668621{margin-top: 20px !important;}\u00a0\u00bb]Vous recherchez un lieu de caract\u00e8re pour vos \u00e9v\u00e8nements familiaux\u00a0; mariages, anniversaires, f\u00eates de famille, bapt\u00eames, communions, cocktails ou pour\u00a0vos r\u00e9unions professionnelles\u00a0; [&hellip;]<\/p>\n","protected":false},"author":1,"featured_media":0,"parent":4699,"menu_order":0,"comment_status":"open","ping_status":"closed","template":"page-full.php","meta":[],"_links":{"self":[{"href":"http:\/\/www.jcsound.fr\/wordpress\/wp-json\/wp\/v2\/pages\/2454"}],"collection":[{"href":"http:\/\/www.jcsound.fr\/wordpress\/wp-json\/wp\/v2\/pages"}],"about":[{"href":"http:\/\/www.jcsound.fr\/wordpress\/wp-json\/wp\/v2\/types\/page"}],"author":[{"embeddable":true,"href":"http:\/\/www.jcsound.fr\/wordpress\/wp-json\/wp\/v2\/users\/1"}],"replies":[{"embeddable":true,"href":"http:\/\/www.jcsound.fr\/wordpress\/wp-json\/wp\/v2\/comments?post=2454"}],"version-history":[{"count":12,"href":"http:\/\/www.jcsound.fr\/wordpress\/wp-json\/wp\/v2\/pages\/2454\/revisions"}],"predecessor-version":[{"id":5956,"href":"http:\/\/www.jcsound.fr\/wordpress\/wp-json\/wp\/v2\/pages\/2454\/revisions\/5956"}],"up":[{"embeddable":true,"href":"http:\/\/www.jcsound.fr\/wordpress\/wp-json\/wp\/v2\/pages\/4699"}],"wp:attachment":[{"href":"http:\/\/www.jcsound.fr\/wordpress\/wp-json\/wp\/v2\/media?parent=2454"}],"curies":[{"name":"wp","href":"https:\/\/api.w.org\/{rel}","templated":true}]}}