{"id":1816,"date":"2013-10-04T17:37:02","date_gmt":"2013-10-04T17:37:02","guid":{"rendered":"http:\/\/www.jcsound.fr\/wordpress\/?page_id=1816"},"modified":"2021-11-02T12:18:58","modified_gmt":"2021-11-02T12:18:58","slug":"la-marjolaine","status":"publish","type":"page","link":"http:\/\/www.jcsound.fr\/wordpress\/les-salles\/la-marjolaine\/","title":{"rendered":"La Marjolaine"},"content":{"rendered":"<p>[vc_row full_width=\u00a0\u00bbstretch_row_content\u00a0\u00bb css=\u00a0\u00bb.vc_custom_1485197870743{margin-top: 40px !important;}\u00a0\u00bb][vc_column width=\u00a0\u00bb2\/3&Prime;]<h3 class=\"ozy-divider-cap-left wpb_content_element \"  style=\"color:#c09e6f\" >Bienvenue \u00e0 La Marjolaine<\/h3><div class=\"ozy-content-divider \" style=\"border-top-style:solid;border-top-width:2px;border-top-color:#c09e6f!important;width:40px;max-width:40px;left:0;\"><\/div>[vc_column_text css=\u00a0\u00bb.vc_custom_1635771114700{margin-top: 20px !important;}\u00a0\u00bb]<\/p>\n<p class=\"titre text-center\">R\u00e9ception dans un site unique en Mayenne<\/p>\n<p class=\"sous-titre text-center mb-30\">Le charme d&rsquo;une \u00e9l\u00e9gante gentilhommi\u00e8re&#8230; cadre id\u00e9al d&rsquo;un mariage d&rsquo;exception pr\u00e8s de Laval<\/p>\n<p>L&rsquo;organisation du plus beau jour de votre vie m\u00e9rite un lieu d&rsquo;exception. A 20 minutes de Laval, le cadre prestigieux de notre b\u00e2tisse de caract\u00e8re, ses installations et prestations offrent cet environnement id\u00e9al.<\/p>\n<p>A votre disposition, une grande<strong>\u00a0salle de r\u00e9ception<\/strong>\u00a0de 260 m\u00b2 et des salles de plus petite capacit\u00e9 ;\u00a0<strong>35 chambres et 6 suites<\/strong>\u00a0; un\u00a0<strong>parc de 2ha<\/strong>\u00a0en surplomb de la Mayenne offrant avec sa\u00a0<strong>terrasse<\/strong>\u00a0le cadre parfait d&rsquo;un cocktail inoubliable.<\/p>\n<p>Des structures d\u00e9montables install\u00e9es dans le parc peuvent venir compl\u00e9ter la capacit\u00e9.<\/p>\n<p>A cela s&rsquo;ajoutent le savoir-faire, l&rsquo;exp\u00e9rience de toute une \u00e9quipe et le talent de notre chef. Des atouts incontestables qui permettront \u00e0 vos convives de garder un souvenir m\u00e9morable de votre r\u00e9ception.[\/vc_column_text]<span  id=\"wofcb-65708\" class=\"ozy-custom_button_w\"><a id=\"ofcb-65708\" class=\"ozy-custom_button ocbtn-0\"  href=\"https:\/\/www.lamarjolaine.fr\/receptions-mayenne-moulay-laval\"  target=\"\" >Site Internet : La Marjolaine<\/a><\/span>[\/vc_column][vc_column width=\u00a0\u00bb1\/3&Prime;][vc_single_image image=\u00a0\u00bb5009&Prime; img_size=\u00a0\u00bbfull\u00a0\u00bb alignment=\u00a0\u00bbcenter\u00a0\u00bb][\/vc_column][\/vc_row][vc_row][vc_column][vc_custom_heading text=\u00a0\u00bbLa Marjolaine avec JCSound\u00a0\u00bb font_container=\u00a0\u00bbtag:h1|text_align:center|color:%23c09e6f\u00a0\u00bb google_fonts=\u00a0\u00bbfont_family:Lovers%20Quarrel%3Anormal|font_style:300%20light%3A300%3Anormal\u00a0\u00bb]\n<div id=\"ofd-72646\" class=\"ozy-floral-divider ornament_5 align-center \">\n<svg viewBox=\"0 0 255.12 23.4\"><use xlink:href=\"http:\/\/www.jcsound.fr\/wordpress\/wp-content\/plugins\/ozy-wedding-planner-essentials\/images\/ornament_divider5.svg#ornament_divider5\"><\/use><\/svg><\/div>[vc_empty_space][vc_gallery interval=\u00a0\u00bb3&Prime; images=\u00a0\u00bb3971,3966,3965,3964,3963,3962,3961,3960,3959,3958,3957,3956,3955,3954,3952,3099,3098,3097,3096,3091&Prime; img_size=\u00a0\u00bbfull\u00a0\u00bb][\/vc_column][\/vc_row][vc_row][vc_column][\/vc_column][\/vc_row]<\/p>\n<div id=\"sconnect-is-installed\" style=\"display: none;\">2.11.0.0<\/div>\n","protected":false},"excerpt":{"rendered":"<p>[vc_row full_width=\u00a0\u00bbstretch_row_content\u00a0\u00bb css=\u00a0\u00bb.vc_custom_1485197870743{margin-top: 40px !important;}\u00a0\u00bb][vc_column width=\u00a0\u00bb2\/3&Prime;][vc_column_text css=\u00a0\u00bb.vc_custom_1635771114700{margin-top: 20px !important;}\u00a0\u00bb] R\u00e9ception dans un site unique en Mayenne Le charme d&rsquo;une \u00e9l\u00e9gante gentilhommi\u00e8re&#8230; cadre id\u00e9al d&rsquo;un mariage d&rsquo;exception pr\u00e8s de Laval L&rsquo;organisation [&hellip;]<\/p>\n","protected":false},"author":1,"featured_media":2108,"parent":4699,"menu_order":0,"comment_status":"open","ping_status":"open","template":"","meta":[],"_links":{"self":[{"href":"http:\/\/www.jcsound.fr\/wordpress\/wp-json\/wp\/v2\/pages\/1816"}],"collection":[{"href":"http:\/\/www.jcsound.fr\/wordpress\/wp-json\/wp\/v2\/pages"}],"about":[{"href":"http:\/\/www.jcsound.fr\/wordpress\/wp-json\/wp\/v2\/types\/page"}],"author":[{"embeddable":true,"href":"http:\/\/www.jcsound.fr\/wordpress\/wp-json\/wp\/v2\/users\/1"}],"replies":[{"embeddable":true,"href":"http:\/\/www.jcsound.fr\/wordpress\/wp-json\/wp\/v2\/comments?post=1816"}],"version-history":[{"count":21,"href":"http:\/\/www.jcsound.fr\/wordpress\/wp-json\/wp\/v2\/pages\/1816\/revisions"}],"predecessor-version":[{"id":5240,"href":"http:\/\/www.jcsound.fr\/wordpress\/wp-json\/wp\/v2\/pages\/1816\/revisions\/5240"}],"up":[{"embeddable":true,"href":"http:\/\/www.jcsound.fr\/wordpress\/wp-json\/wp\/v2\/pages\/4699"}],"wp:featuredmedia":[{"embeddable":true,"href":"http:\/\/www.jcsound.fr\/wordpress\/wp-json\/wp\/v2\/media\/2108"}],"wp:attachment":[{"href":"http:\/\/www.jcsound.fr\/wordpress\/wp-json\/wp\/v2\/media?parent=1816"}],"curies":[{"name":"wp","href":"https:\/\/api.w.org\/{rel}","templated":true}]}}