{"id":1787,"date":"2014-10-26T09:49:14","date_gmt":"2014-10-26T09:49:14","guid":{"rendered":"http:\/\/www.jcsound.fr\/wordpress\/?page_id=1787"},"modified":"2016-07-26T11:29:53","modified_gmt":"2016-07-26T11:29:53","slug":"mariages","status":"publish","type":"page","link":"http:\/\/www.jcsound.fr\/wordpress\/le-materiel\/mariages\/","title":{"rendered":"Mariages"},"content":{"rendered":"<h1 class=\"title\"><span style=\"color: #ff00ff;\">La c\u00e9r\u00e9monie La\u00efque<\/span><\/h1>\n<p><a href=\"http:\/\/www.jcsound.fr\/wordpress\/le-materiel\/mariages\/ceremonie-mariage\/\" rel=\"attachment wp-att-2253\"><img class=\"alignnone wp-image-2253\" src=\"http:\/\/www.jcsound.fr\/wordpress\/wp-content\/uploads\/Ceremonie-mariage.jpg\" alt=\"Ceremonie mariage\" width=\"600\" height=\"205\" srcset=\"http:\/\/www.jcsound.fr\/wordpress\/wp-content\/uploads\/Ceremonie-mariage.jpg 900w, http:\/\/www.jcsound.fr\/wordpress\/wp-content\/uploads\/Ceremonie-mariage-600x205.jpg 600w, http:\/\/www.jcsound.fr\/wordpress\/wp-content\/uploads\/Ceremonie-mariage-300x102.jpg 300w\" sizes=\"(max-width: 600px) 100vw, 600px\" \/><\/a><\/p>\n<p>Vous <span style=\"color: #ff00ff;\"><strong>vous mariez uniquement \u00e0 la mairie<\/strong><\/span>, mais aimeriez donner une touche solennelle, glamour ou \u00e9motionnelle \u00e0 votre mariage?<\/p>\n<p>La c\u00e9r\u00e9monie la\u00efque permet avant tout de mat\u00e9rialiser solennellement, devant t\u00e9moins, un engagement que prennent deux personnes.<\/p>\n<p>Cet engagement peut diff\u00e9rer selon l&rsquo;objectif de la c\u00e9r\u00e9monie. Cette derni\u00e8re n&rsquo;ayant pas de caract\u00e8re officiel devant l&rsquo;administration ou les religions, vous avez la possibilit\u00e9 de tout personnaliser !<\/p>\n<p>JCSound vous propose :<\/p>\n<p>&#8211; Diffusion sonore (Musique de votre choix Entr\u00e9e et Sortie)<br \/>\n&#8211; Micros sans fil<\/p>\n<p>Mat\u00e9riel \u00e0 votre Disposition :<br \/>\n&#8211; 1 \u00e0 2 Micro sans fil<br \/>\n&#8211; 1 Table de mixage avec port USB<br \/>\n&#8211; 2 enceintes amplifi\u00e9es discr\u00e8te de 200W chacune<br \/>\n&#8211; Machine \u00e0 Bulles en options<\/p>\n<h1><span style=\"color: #ff00ff;\">Mariage<\/span><\/h1>\n<div class=\"content clearfix\">\n<h3><span style=\"color: #ff00ff;\"><strong>Pendant le Vin d\u2019honneur (Option):<\/strong><\/span><\/h3>\n<p>Lors de votre cocktail int\u00e9rieur ou ext\u00e9rieur, JCSound vous propose 2 enceintes discr\u00e8tes sur pied (montage rapide) permettant la diffusion de musique. Diff\u00e9rents styles vous sont propos\u00e9s : Jazz, Jazz Manouche, Cubain, Lounge, \u2026 C\u2019est vous qui choisissez !<\/p>\n<p>A noter qu\u2019un micro sera \u00e0 votre disposition sur demande :<br \/>\n&#8211; Soit pour une \u00e9ventuelle animation<br \/>\n&#8211; Soit pour le photographe<br \/>\n&#8211; Soit si la mari\u00e9e souhaite jeter son bouquet<br \/>\n&#8211; Soit pour inviter tout le monde \u00e0 passer \u00e0 table<\/p>\n<p>Vos convives passent \u00e0 table \u2026<br \/>\nSi vous le souhaitez, Nous pouvons faire une entr\u00e9e des mari\u00e9s : une fois tout le monde assis , nous mettons une musique bien dynamique que vous aurez choisi, et invitons tout le monde \u00e0 se lever pour vous accueillir \u2026\u00a0 Effet garanti !!<\/p>\n<h3><span style=\"color: #ff00ff;\"><strong>Pendant le Repas :<\/strong><\/span><\/h3>\n<p>Nous accompagnons les gens \u00e0 table avec une musique de fond type Lounge, discr\u00e8te et agr\u00e9able puis viennent les \u00e9ventuelles animations. Nous mettons \u00e0 votre disposition de 1 \u00e0\u00a02 micros sans fil et un vid\u00e9oprojecteur avec un \u00e9cran pour animation type diaporama ou quizz.<\/p>\n<h3><span style=\"color: #ff00ff;\"><strong>Fin du repas\u00a0:<\/strong><\/span><\/h3>\n<p>La pr\u00e9sentation de dessert, nous nous mettons en coordination avec le traiteur pour synchroniser l\u2019arriv\u00e9e en musique de votre pi\u00e8ce mont\u00e9e ou pyramide de champagne.<\/p>\n<h3><span style=\"color: #ff00ff;\"><strong>La soir\u00e9e dansante :<\/strong><\/span><\/h3>\n<p>Elle commence avec la premi\u00e8re danse des mari\u00e9s et est suivis par la soir\u00e9e dansante.<\/p>\n<h3><strong><span style=\"color: #ff00ff;\">Je reste \u00e0 votre \u00e9coute tout au long de la soir\u00e9e.<\/span><br \/>\n<\/strong><\/h3>\n<p>&nbsp;<\/p>\n<p><em>Animation de soir\u00e9e, Laval, Mayenne, Ch\u00e2teau Gontier, Discomobile, DJ, <\/em><em>DJ <em> Animation<\/em> Mariage 53, Dj <em>Animation<\/em> Mariage Laval, Discomobile 53,\u00a0<em>DJ <em> Animation<\/em> Mariage Mayenne.<\/em><\/em><\/p>\n<\/div>\n","protected":false},"excerpt":{"rendered":"<p>La c\u00e9r\u00e9monie La\u00efque Vous vous mariez uniquement \u00e0 la mairie, mais aimeriez donner une touche solennelle, glamour ou \u00e9motionnelle \u00e0 votre mariage? La c\u00e9r\u00e9monie la\u00efque permet avant tout de mat\u00e9rialiser [&hellip;]<\/p>\n","protected":false},"author":1,"featured_media":0,"parent":25,"menu_order":0,"comment_status":"open","ping_status":"open","template":"","meta":[],"_links":{"self":[{"href":"http:\/\/www.jcsound.fr\/wordpress\/wp-json\/wp\/v2\/pages\/1787"}],"collection":[{"href":"http:\/\/www.jcsound.fr\/wordpress\/wp-json\/wp\/v2\/pages"}],"about":[{"href":"http:\/\/www.jcsound.fr\/wordpress\/wp-json\/wp\/v2\/types\/page"}],"author":[{"embeddable":true,"href":"http:\/\/www.jcsound.fr\/wordpress\/wp-json\/wp\/v2\/users\/1"}],"replies":[{"embeddable":true,"href":"http:\/\/www.jcsound.fr\/wordpress\/wp-json\/wp\/v2\/comments?post=1787"}],"version-history":[{"count":12,"href":"http:\/\/www.jcsound.fr\/wordpress\/wp-json\/wp\/v2\/pages\/1787\/revisions"}],"predecessor-version":[{"id":2803,"href":"http:\/\/www.jcsound.fr\/wordpress\/wp-json\/wp\/v2\/pages\/1787\/revisions\/2803"}],"up":[{"embeddable":true,"href":"http:\/\/www.jcsound.fr\/wordpress\/wp-json\/wp\/v2\/pages\/25"}],"wp:attachment":[{"href":"http:\/\/www.jcsound.fr\/wordpress\/wp-json\/wp\/v2\/media?parent=1787"}],"curies":[{"name":"wp","href":"https:\/\/api.w.org\/{rel}","templated":true}]}}