{"id":133,"date":"2010-10-15T11:01:11","date_gmt":"2010-10-15T11:01:11","guid":{"rendered":"http:\/\/jcsound.comli.com\/wordpress\/?page_id=133"},"modified":"2021-11-02T12:29:37","modified_gmt":"2021-11-02T12:29:37","slug":"le-de-a-7-faces","status":"publish","type":"page","link":"http:\/\/www.jcsound.fr\/wordpress\/les-salles\/le-de-a-7-faces\/","title":{"rendered":"Le D\u00e9 \u00e0 7 Faces"},"content":{"rendered":"<p>[vc_row full_width=\u00a0\u00bbstretch_row_content\u00a0\u00bb css=\u00a0\u00bb.vc_custom_1485197870743{margin-top: 40px !important;}\u00a0\u00bb][vc_column width=\u00a0\u00bb2\/3&Prime;]<h3 class=\"ozy-divider-cap-left wpb_content_element \"  style=\"color:#c09e6f\" >Bienvenue au D\u00e9 \u00e0 7 Faces<\/h3><div class=\"ozy-content-divider \" style=\"border-top-style:solid;border-top-width:2px;border-top-color:#c09e6f!important;width:40px;max-width:40px;left:0;\"><\/div>[vc_column_text css=\u00a0\u00bb.vc_custom_1635770222826{margin-top: 20px !important;}\u00a0\u00bb]Votre mariage dans un cadre authentique<\/p>\n<p>Am\u00e9nag\u00e9e dans une ancienne long\u00e8re, la salle de r\u00e9ception a conserv\u00e9 le charme des poutres et des murs en pierres apparentes.<\/p>\n<p>D\u2019une superficie de 240m\u00b2, la salle permet d&rsquo;accueillir jusqu&rsquo;\u00e0 200 places assises. Nous vous proposons un espace restauration carrel\u00e9 de 160m\u00b2, prolong\u00e9 d&rsquo;une piste de danse parquet\u00e9e de 80m\u00b2.<\/p>\n<p>Nous mettons \u00e0 votre disposition des tables rectangulaires de 6 personnes ou ovales de 8 \u00e0 10 personnes, ainsi que 200 chaises avec accoudoirs.<\/p>\n<div>Les lits sont faits \u00e0 votre arriv\u00e9e &#8230; ils permettent d&rsquo;accueillir 53 personnes.<br \/>\nLe linge de toilette est fourni.<\/div>\n<div class=\"text-muted text-left ml-5 mt-5\">\n<p>Au rez de chauss\u00e9e :<\/p>\n<ul>\n<li>2 chambres pour 2 ou 3 personnes avec salle de bain, accessibles aux personnes \u00e0 mobilit\u00e9 r\u00e9duite.<\/li>\n<\/ul>\n<p>\u00c0 l&rsquo;\u00e9tage, 49 couchages r\u00e9partis en :<\/p>\n<ul>\n<li>4 chambres de 2 \u00e0 3 personnes avec salle de bain ;<\/li>\n<li>4 chambres de 3 \u00e0 6 personnes ;<\/li>\n<li>2 dortoirs de 11 et 14 personnes.<\/li>\n<\/ul>\n<\/div>\n<p>[\/vc_column_text]<span  id=\"wofcb-50170\" class=\"ozy-custom_button_w\"><a id=\"ofcb-50170\" class=\"ozy-custom_button ocbtn-0\"  href=\"http:\/\/www.leda7faces.fr\/?C=M;O=A\"  target=\"\" >Site Internet : Le D \u00e0 7 faces<\/a><\/span>[\/vc_column][vc_column width=\u00a0\u00bb1\/3&Prime;][vc_single_image image=\u00a0\u00bb4950&Prime; img_size=\u00a0\u00bbfull\u00a0\u00bb alignment=\u00a0\u00bbcenter\u00a0\u00bb][\/vc_column][\/vc_row][vc_row][vc_column][vc_custom_heading text=\u00a0\u00bbLe D \u00e0 7 faces avec JCSound\u00a0\u00bb font_container=\u00a0\u00bbtag:h1|text_align:center|color:%23c09e6f\u00a0\u00bb google_fonts=\u00a0\u00bbfont_family:Lovers%20Quarrel%3Anormal|font_style:300%20light%3A300%3Anormal\u00a0\u00bb]\n<div id=\"ofd-6258\" class=\"ozy-floral-divider ornament_5 align-center \">\n<svg viewBox=\"0 0 255.12 23.4\"><use xlink:href=\"http:\/\/www.jcsound.fr\/wordpress\/wp-content\/plugins\/ozy-wedding-planner-essentials\/images\/ornament_divider5.svg#ornament_divider5\"><\/use><\/svg><\/div>[vc_empty_space][vc_gallery interval=\u00a0\u00bb3&Prime; images=\u00a0\u00bb4443,4442,4440,4439,4438,4435,4434,4433,4430,4428,4427,4426,4425,3875,3874,3869,3868,3867,3866,3864,3862,3860,3655,3651,3635&Prime; img_size=\u00a0\u00bbfull\u00a0\u00bb][\/vc_column][\/vc_row][vc_row][vc_column][\/vc_column][\/vc_row][vc_row][vc_column][\/vc_column][\/vc_row]<\/p>\n","protected":false},"excerpt":{"rendered":"<p>[vc_row full_width=\u00a0\u00bbstretch_row_content\u00a0\u00bb css=\u00a0\u00bb.vc_custom_1485197870743{margin-top: 40px !important;}\u00a0\u00bb][vc_column width=\u00a0\u00bb2\/3&Prime;][vc_column_text css=\u00a0\u00bb.vc_custom_1635770222826{margin-top: 20px !important;}\u00a0\u00bb]Votre mariage dans un cadre authentique Am\u00e9nag\u00e9e dans une ancienne long\u00e8re, la salle de r\u00e9ception a conserv\u00e9 le charme des poutres et [&hellip;]<\/p>\n","protected":false},"author":1,"featured_media":0,"parent":4699,"menu_order":0,"comment_status":"open","ping_status":"closed","template":"","meta":[],"_links":{"self":[{"href":"http:\/\/www.jcsound.fr\/wordpress\/wp-json\/wp\/v2\/pages\/133"}],"collection":[{"href":"http:\/\/www.jcsound.fr\/wordpress\/wp-json\/wp\/v2\/pages"}],"about":[{"href":"http:\/\/www.jcsound.fr\/wordpress\/wp-json\/wp\/v2\/types\/page"}],"author":[{"embeddable":true,"href":"http:\/\/www.jcsound.fr\/wordpress\/wp-json\/wp\/v2\/users\/1"}],"replies":[{"embeddable":true,"href":"http:\/\/www.jcsound.fr\/wordpress\/wp-json\/wp\/v2\/comments?post=133"}],"version-history":[{"count":42,"href":"http:\/\/www.jcsound.fr\/wordpress\/wp-json\/wp\/v2\/pages\/133\/revisions"}],"predecessor-version":[{"id":5191,"href":"http:\/\/www.jcsound.fr\/wordpress\/wp-json\/wp\/v2\/pages\/133\/revisions\/5191"}],"up":[{"embeddable":true,"href":"http:\/\/www.jcsound.fr\/wordpress\/wp-json\/wp\/v2\/pages\/4699"}],"wp:attachment":[{"href":"http:\/\/www.jcsound.fr\/wordpress\/wp-json\/wp\/v2\/media?parent=133"}],"curies":[{"name":"wp","href":"https:\/\/api.w.org\/{rel}","templated":true}]}}