{"id":120,"date":"2010-10-15T10:50:12","date_gmt":"2010-10-15T10:50:12","guid":{"rendered":"http:\/\/jcsound.comli.com\/wordpress\/?page_id=120"},"modified":"2021-11-02T12:30:04","modified_gmt":"2021-11-02T12:30:04","slug":"le-hameau-de-la-fouquiere","status":"publish","type":"page","link":"http:\/\/www.jcsound.fr\/wordpress\/les-salles\/le-hameau-de-la-fouquiere\/","title":{"rendered":"Le Hameau de la Fouqui\u00e8re"},"content":{"rendered":"<p>[vc_row full_width=\u00a0\u00bbstretch_row_content\u00a0\u00bb css=\u00a0\u00bb.vc_custom_1485197870743{margin-top: 40px !important;}\u00a0\u00bb][vc_column width=\u00a0\u00bb2\/3&Prime;]<h3 class=\"ozy-divider-cap-left wpb_content_element \"  style=\"color:#c09e6f\" >Bienvenue \u00e0 Le Petit Vilami<\/h3><div class=\"ozy-content-divider \" style=\"border-top-style:solid;border-top-width:2px;border-top-color:#c09e6f!important;width:40px;max-width:40px;left:0;\"><\/div>[vc_column_text css=\u00a0\u00bb.vc_custom_1635772008008{margin-top: 20px !important;}\u00a0\u00bb]BIENVENUE AU PETIT VILAMI, SALLE DE R\u00c9CEPTION EN MAYENNE SITU\u00c9E \u00c0 15 MINUTES DE LAVAL ET 5 MINUTES DE COSS\u00c9 LE VIVIEN, NOUS VOUS ACCUEILLONS POUR VOS \u00c9V\u00c9NEMENTS PRIV\u00c9S (MARIAGES, ANNIVERSAIRES, BAPT\u00caME\u2026) ET PROFESSIONNELS (S\u00c9MINAIRES, REPAS D\u2019AFFAIRES\u2026).<\/p>\n<p>Am\u00e9nag\u00e9 dans un ancien corps de ferme, Le Petit Vilami a su pr\u00e9server un site calme et chaleureux o\u00f9 nous mettons \u00e0 votre disposition une salle de r\u00e9ception pouvant accueillir jusqu\u2019\u00e0 200 personnes ainsi qu\u2019un h\u00e9bergement d\u2019une capacit\u00e9 de 24 couchages.<\/p>\n<p>Son emplacement est id\u00e9alement situ\u00e9 pour accueillir vos \u00e9v\u00e9nements en toute tranquillit\u00e9 et s\u00e9curit\u00e9.[\/vc_column_text]<span  id=\"wofcb-86951\" class=\"ozy-custom_button_w\"><a id=\"ofcb-86951\" class=\"ozy-custom_button ocbtn-0\"  href=\"https:\/\/www.lepetitbignon.com\/index.asp\"  target=\"\" >Site Internet : Le Petit Vilami<\/a><\/span>[\/vc_column][vc_column width=\u00a0\u00bb1\/3&Prime;][vc_single_image image=\u00a0\u00bb5011&Prime; img_size=\u00a0\u00bbfull\u00a0\u00bb alignment=\u00a0\u00bbcenter\u00a0\u00bb][\/vc_column][\/vc_row][vc_row][vc_column][vc_custom_heading text=\u00a0\u00bbLe Petit Vilami avec JCSound\u00a0\u00bb font_container=\u00a0\u00bbtag:h1|text_align:center|color:%23c09e6f\u00a0\u00bb google_fonts=\u00a0\u00bbfont_family:Lovers%20Quarrel%3Anormal|font_style:300%20light%3A300%3Anormal\u00a0\u00bb]\n<div id=\"ofd-4646\" class=\"ozy-floral-divider ornament_5 align-center \">\n<svg viewBox=\"0 0 255.12 23.4\"><use xlink:href=\"http:\/\/www.jcsound.fr\/wordpress\/wp-content\/plugins\/ozy-wedding-planner-essentials\/images\/ornament_divider5.svg#ornament_divider5\"><\/use><\/svg><\/div>[vc_empty_space][vc_gallery interval=\u00a0\u00bb3&Prime; images=\u00a0\u00bb4315,4314,4313,4312,4311,4310,4309,4323,4322,4321,4320,4319,3339,3338,3337,3336,3335,3334&Prime; img_size=\u00a0\u00bbfull\u00a0\u00bb][\/vc_column][\/vc_row][vc_row][vc_column][\/vc_column][\/vc_row]<\/p>\n","protected":false},"excerpt":{"rendered":"<p>[vc_row full_width=\u00a0\u00bbstretch_row_content\u00a0\u00bb css=\u00a0\u00bb.vc_custom_1485197870743{margin-top: 40px !important;}\u00a0\u00bb][vc_column width=\u00a0\u00bb2\/3&Prime;][vc_column_text css=\u00a0\u00bb.vc_custom_1635772008008{margin-top: 20px !important;}\u00a0\u00bb]BIENVENUE AU PETIT VILAMI, SALLE DE R\u00c9CEPTION EN MAYENNE SITU\u00c9E \u00c0 15 MINUTES DE LAVAL ET 5 MINUTES DE COSS\u00c9 LE VIVIEN, [&hellip;]<\/p>\n","protected":false},"author":1,"featured_media":0,"parent":4699,"menu_order":0,"comment_status":"open","ping_status":"closed","template":"","meta":[],"_links":{"self":[{"href":"http:\/\/www.jcsound.fr\/wordpress\/wp-json\/wp\/v2\/pages\/120"}],"collection":[{"href":"http:\/\/www.jcsound.fr\/wordpress\/wp-json\/wp\/v2\/pages"}],"about":[{"href":"http:\/\/www.jcsound.fr\/wordpress\/wp-json\/wp\/v2\/types\/page"}],"author":[{"embeddable":true,"href":"http:\/\/www.jcsound.fr\/wordpress\/wp-json\/wp\/v2\/users\/1"}],"replies":[{"embeddable":true,"href":"http:\/\/www.jcsound.fr\/wordpress\/wp-json\/wp\/v2\/comments?post=120"}],"version-history":[{"count":4,"href":"http:\/\/www.jcsound.fr\/wordpress\/wp-json\/wp\/v2\/pages\/120\/revisions"}],"predecessor-version":[{"id":5205,"href":"http:\/\/www.jcsound.fr\/wordpress\/wp-json\/wp\/v2\/pages\/120\/revisions\/5205"}],"up":[{"embeddable":true,"href":"http:\/\/www.jcsound.fr\/wordpress\/wp-json\/wp\/v2\/pages\/4699"}],"wp:attachment":[{"href":"http:\/\/www.jcsound.fr\/wordpress\/wp-json\/wp\/v2\/media?parent=120"}],"curies":[{"name":"wp","href":"https:\/\/api.w.org\/{rel}","templated":true}]}}