{"id":101,"date":"2010-10-13T11:17:48","date_gmt":"2010-10-13T11:17:48","guid":{"rendered":"http:\/\/jcsound.comli.com\/wordpress\/?page_id=101"},"modified":"2021-11-02T12:19:37","modified_gmt":"2021-11-02T12:19:37","slug":"le-chateau-de-craon","status":"publish","type":"page","link":"http:\/\/www.jcsound.fr\/wordpress\/les-salles\/le-chateau-de-craon\/","title":{"rendered":"Le Ch\u00e2teau de Craon"},"content":{"rendered":"<p>[vc_row full_width=\u00a0\u00bbstretch_row_content\u00a0\u00bb css=\u00a0\u00bb.vc_custom_1485197870743{margin-top: 40px !important;}\u00a0\u00bb][vc_column width=\u00a0\u00bb2\/3&Prime;]<h3 class=\"ozy-divider-cap-left wpb_content_element \"  style=\"color:#c09e6f\" >Bienvenue au Ch\u00e2teau de Craon<\/h3><div class=\"ozy-content-divider \" style=\"border-top-style:solid;border-top-width:2px;border-top-color:#c09e6f!important;width:40px;max-width:40px;left:0;\"><\/div>[vc_column_text css=\u00a0\u00bb.vc_custom_1635769416133{margin-top: 20px !important;}\u00a0\u00bb]Un cocktail dans un jardin \u00e0 la fran\u00e7aise digne d&rsquo;un \u00ab\u00a0petit Versailles\u00a0\u00bb dans un lieu privatis\u00e9 uniquement pour vous.<\/p>\n<p>Un d\u00e9jeuner ou un d\u00eener dans les grandes \u00e9curies du ch\u00e2teau vous permettant de recevoir jusqu&rsquo;\u00e0 300 personnes assises sans aucune limite d&rsquo;heure.<\/p>\n<p>Des h\u00e9bergements permettant de loger 50 personnes sur place.<\/p>\n<p><em>Vous trouverez \u00e9galement d&rsquo;autres logements situ\u00e9s dans le village \u00e0 moins de 10 minutes \u00e0 pied du ch\u00e2teau.<\/em><\/p>\n<p>Pour votre cocktail, vous pourrez recevoir vos invit\u00e9s sur la terrasse du ch\u00e2teau surplombant le jardin \u00e0 la fran\u00e7aise ou profiter de l&rsquo;ombre naturelle des tilleuls.<\/p>\n<p>Vous pourrez arriver \u00e0 pied depuis l&rsquo;\u00e9glise et la mairie depuis le parc et accueillir vos invit\u00e9s avec un coupe de champagne autour du bassin rond dans un cadre idyllique.<\/p>\n<p>Enfin, si vous le souhaitez, les salons du rdc du ch\u00e2teau peuvent \u00e9galement \u00eatre privatis\u00e9s pour une r\u00e9ception au cadre grandiose.<\/p>\n<p>Les grandes \u00e9curies du ch\u00e2teau.<\/p>\n<p>Ce b\u00e2timent datant de la construction du ch\u00e2teau abrite les 2 salles de r\u00e9ception qui permettent de\u00a0recevoir jusqu&rsquo;\u00e0 300 personnes assises.[\/vc_column_text]<span  id=\"wofcb-89007\" class=\"ozy-custom_button_w\"><a id=\"ofcb-89007\" class=\"ozy-custom_button ocbtn-0\"  href=\"https:\/\/chateaudecraon.fr\/\"  target=\"\" >Site Internet : Le Ch\u00e2teau de Craon<\/a><\/span>[\/vc_column][vc_column width=\u00a0\u00bb1\/3&Prime;][vc_single_image image=\u00a0\u00bb4949&Prime; img_size=\u00a0\u00bbfull\u00a0\u00bb alignment=\u00a0\u00bbcenter\u00a0\u00bb][\/vc_column][\/vc_row][vc_row][vc_column][vc_custom_heading text=\u00a0\u00bbLe Ch\u00e2teau de Craon avec JCSound\u00a0\u00bb font_container=\u00a0\u00bbtag:h1|text_align:center|color:%23c09e6f\u00a0\u00bb google_fonts=\u00a0\u00bbfont_family:Lovers%20Quarrel%3Anormal|font_style:300%20light%3A300%3Anormal\u00a0\u00bb]\n<div id=\"ofd-4128\" class=\"ozy-floral-divider ornament_5 align-center \">\n<svg viewBox=\"0 0 255.12 23.4\"><use xlink:href=\"http:\/\/www.jcsound.fr\/wordpress\/wp-content\/plugins\/ozy-wedding-planner-essentials\/images\/ornament_divider5.svg#ornament_divider5\"><\/use><\/svg><\/div>[vc_empty_space][vc_gallery interval=\u00a0\u00bb3&Prime; images=\u00a0\u00bb4269,4268,4266,4265,4264,4263,4262,4261,4260,4259,4258,4257,4256,4255,4254,4253,4249,4248,4247,4244,4243,4239,3316,3324,3315,3314,3313,3311,3310,3309,3308,3307,3305,3303,3302,3301,3300&Prime; img_size=\u00a0\u00bbfull\u00a0\u00bb][\/vc_column][\/vc_row][vc_row][vc_column][\/vc_column][\/vc_row]<\/p>\n<div id=\"sconnect-is-installed\" style=\"display: none;\">2.11.0.0<\/div>\n","protected":false},"excerpt":{"rendered":"<p>[vc_row full_width=\u00a0\u00bbstretch_row_content\u00a0\u00bb css=\u00a0\u00bb.vc_custom_1485197870743{margin-top: 40px !important;}\u00a0\u00bb][vc_column width=\u00a0\u00bb2\/3&Prime;][vc_column_text css=\u00a0\u00bb.vc_custom_1635769416133{margin-top: 20px !important;}\u00a0\u00bb]Un cocktail dans un jardin \u00e0 la fran\u00e7aise digne d&rsquo;un \u00ab\u00a0petit Versailles\u00a0\u00bb dans un lieu privatis\u00e9 uniquement pour vous. Un d\u00e9jeuner ou [&hellip;]<\/p>\n","protected":false},"author":1,"featured_media":0,"parent":4699,"menu_order":0,"comment_status":"open","ping_status":"open","template":"","meta":[],"_links":{"self":[{"href":"http:\/\/www.jcsound.fr\/wordpress\/wp-json\/wp\/v2\/pages\/101"}],"collection":[{"href":"http:\/\/www.jcsound.fr\/wordpress\/wp-json\/wp\/v2\/pages"}],"about":[{"href":"http:\/\/www.jcsound.fr\/wordpress\/wp-json\/wp\/v2\/types\/page"}],"author":[{"embeddable":true,"href":"http:\/\/www.jcsound.fr\/wordpress\/wp-json\/wp\/v2\/users\/1"}],"replies":[{"embeddable":true,"href":"http:\/\/www.jcsound.fr\/wordpress\/wp-json\/wp\/v2\/comments?post=101"}],"version-history":[{"count":7,"href":"http:\/\/www.jcsound.fr\/wordpress\/wp-json\/wp\/v2\/pages\/101\/revisions"}],"predecessor-version":[{"id":5241,"href":"http:\/\/www.jcsound.fr\/wordpress\/wp-json\/wp\/v2\/pages\/101\/revisions\/5241"}],"up":[{"embeddable":true,"href":"http:\/\/www.jcsound.fr\/wordpress\/wp-json\/wp\/v2\/pages\/4699"}],"wp:attachment":[{"href":"http:\/\/www.jcsound.fr\/wordpress\/wp-json\/wp\/v2\/media?parent=101"}],"curies":[{"name":"wp","href":"https:\/\/api.w.org\/{rel}","templated":true}]}}